{"id":9,"date":"2015-08-12T09:11:48","date_gmt":"2015-08-12T06:11:48","guid":{"rendered":"http:\/\/mantor.ro\/?page_id=9"},"modified":"2024-11-11T14:46:02","modified_gmt":"2024-11-11T12:46:02","slug":"servicii","status":"publish","type":"page","link":"https:\/\/www.mantor.ro\/ro\/servicii\/","title":{"rendered":"Servicii"},"content":{"rendered":"<div class=\"wpb-content-wrapper\"><p>[vc_row][vc_column][vc_custom_heading text=&#8221;Constructii hale industriale&#8221; font_container=&#8221;tag:h2|text_align:left|color:%231e4868&#8243; css=&#8221;&#8221;][vc_row_inner content_placement=&#8221;middle&#8221;][vc_column_inner width=&#8221;1\/3&#8243;][vc_single_image image=&#8221;598&#8243; img_size=&#8221;full&#8221; alignment=&#8221;center&#8221; css=&#8221;&#8221;][\/vc_column_inner][vc_column_inner width=&#8221;2\/3&#8243;][vc_column_text css=&#8221;&#8221;]Cea mai tanara divizie a noastra duce constructiile de hale la un nou nivel calitativ, dar respectand preturile competitive care se impun pe piata din Romania.[\/vc_column_text][\/vc_column_inner][\/vc_row_inner][\/vc_column][\/vc_row][vc_row][vc_column][vc_custom_heading text=&#8221;Constructii Civile&#8221; font_container=&#8221;tag:h2|text_align:left|color:%231e4868&#8243; css=&#8221;&#8221;][vc_row_inner content_placement=&#8221;middle&#8221;][vc_column_inner width=&#8221;1\/3&#8243;][vc_single_image image=&#8221;559&#8243; img_size=&#8221;full&#8221; alignment=&#8221;center&#8221; css=&#8221;&#8221;][\/vc_column_inner][vc_column_inner width=&#8221;2\/3&#8243;][vc_column_text css=&#8221;&#8221;]Suntem exper\u021bi \u00een construc\u021bii de orice tip de cl\u0103diri, \u00een mod special cele singulare, av\u00e2nd \u00een vedere complexitatea tehnic\u0103, procedura de construc\u021bie, dimensiunea sau destina\u021bia specific\u0103. Mantor are capacitatea, resursele financiare \u0219i competen\u021bele necesare pentru a gestiona construc\u021bia unor cl\u0103diri de dimensiuni mari. \u00cen afara construc\u021biei \u00een sine, adaug\u0103m un plus de valoare clien\u021bilor no\u0219tri prin intermediul departamentului tehnic intern, care ofer\u0103 solu\u021bii inovatoare pentru a ob\u021bine rezultate optime din punct de vedere al calit\u0103\u021bii, siguran\u021bei, graficului de proiect \u0219i cerin\u021belor de cost.[\/vc_column_text][\/vc_column_inner][\/vc_row_inner][\/vc_column][\/vc_row][vc_row][vc_column][vc_custom_heading text=&#8221;Restaurare si Consolidare&#8221; font_container=&#8221;tag:h2|text_align:left|color:%231e4868&#8243; css=&#8221;&#8221;][vc_row_inner content_placement=&#8221;middle&#8221;][vc_column_inner width=&#8221;1\/3&#8243;][vc_single_image image=&#8221;546&#8243; img_size=&#8221;full&#8221; alignment=&#8221;center&#8221; css=&#8221;&#8221;][\/vc_column_inner][vc_column_inner width=&#8221;2\/3&#8243;][vc_column_text css=&#8221;&#8221;]Motto-ul nostru &#8222;Excellence Building&#8221; define\u0219te filozofia noastr\u0103. Prin experien\u021ba noastr\u0103 \u00een consolidarea \u0219i reabilitarea, oferim o gam\u0103 larg\u0103 de, servicii \u0219i solu\u021bii pentru cele mai provocatoare proiecte.[\/vc_column_text][\/vc_column_inner][\/vc_row_inner][\/vc_column][\/vc_row]<\/p>\n<\/div>","protected":false},"excerpt":{"rendered":"<p>[vc_row][vc_column][vc_custom_heading text=&#8221;Constructii hale industriale&#8221; font_container=&#8221;tag:h2|text_align:left|color:%231e4868&#8243; css=&#8221;&#8221;][vc_row_inner content_placement=&#8221;middle&#8221;][vc_column_inner width=&#8221;1\/3&#8243;][vc_single_image image=&#8221;598&#8243; img_size=&#8221;full&#8221; alignment=&#8221;center&#8221; css=&#8221;&#8221;][\/vc_column_inner][vc_column_inner width=&#8221;2\/3&#8243;][vc_column_text css=&#8221;&#8221;]Cea mai tanara divizie a noastra duce constructiile de hale la un nou nivel calitativ, dar respectand preturile competitive care se impun pe piata din Romania.[\/vc_column_text][\/vc_column_inner][\/vc_row_inner][\/vc_column][\/vc_row][vc_row][vc_column][vc_custom_heading text=&#8221;Constructii&#8230;<br \/><a class=\"excerpt-read-more\" href=\"https:\/\/www.mantor.ro\/ro\/servicii\/\" title=\"Read more...Servicii\">Read more&#8230;<\/a><\/p>\n","protected":false},"author":5,"featured_media":0,"parent":0,"menu_order":0,"comment_status":"closed","ping_status":"closed","template":"template-servicii.php","meta":{"footnotes":""},"class_list":["post-9","page","type-page","status-publish","hentry"],"yoast_head":"<!-- This site is optimized with the Yoast SEO plugin v23.8 - https:\/\/yoast.com\/wordpress\/plugins\/seo\/ -->\n<title>Servicii &#8212; Mantor &#8212; Building Excellence<\/title>\n<meta name=\"description\" content=\"Mantor is a Romanian group of companies with a Spanish shareholding that operates on the Romanian real estate market. Our main divisions are Residential Development, Construction of Buildings (as a General Contractor), and Property &amp; Facility Management.\" \/>\n<meta name=\"robots\" content=\"index, follow, max-snippet:-1, max-image-preview:large, max-video-preview:-1\" \/>\n<link rel=\"canonical\" href=\"https:\/\/www.mantor.ro\/ro\/servicii\/\" \/>\n<meta property=\"og:locale\" content=\"ro_RO\" \/>\n<meta property=\"og:type\" content=\"article\" \/>\n<meta property=\"og:title\" content=\"Servicii &#8212; Mantor &#8212; Building Excellence\" \/>\n<meta property=\"og:description\" content=\"Mantor is a Romanian group of companies with a Spanish shareholding that operates on the Romanian real estate market. Our main divisions are Residential Development, Construction of Buildings (as a General Contractor), and Property &amp; Facility Management.\" \/>\n<meta property=\"og:url\" content=\"https:\/\/www.mantor.ro\/ro\/servicii\/\" \/>\n<meta property=\"og:site_name\" content=\"Mantor\" \/>\n<meta property=\"article:modified_time\" content=\"2024-11-11T12:46:02+00:00\" \/>\n<meta property=\"og:image\" content=\"http:\/\/www.mantor.ro\/wp-content\/uploads\/2015\/08\/logo@2x.png\" \/>\n<meta name=\"twitter:card\" content=\"summary_large_image\" \/>\n<meta name=\"twitter:label1\" content=\"Timp estimat pentru citire\" \/>\n\t<meta name=\"twitter:data1\" content=\"2 minute\" \/>\n<script type=\"application\/ld+json\" class=\"yoast-schema-graph\">{\"@context\":\"https:\/\/schema.org\",\"@graph\":[{\"@type\":\"WebPage\",\"@id\":\"https:\/\/www.mantor.ro\/ro\/servicii\/\",\"url\":\"https:\/\/www.mantor.ro\/ro\/servicii\/\",\"name\":\"Servicii &#8212; Mantor &#8212; Building Excellence\",\"isPartOf\":{\"@id\":\"https:\/\/www.mantor.ro\/#website\"},\"datePublished\":\"2015-08-12T06:11:48+00:00\",\"dateModified\":\"2024-11-11T12:46:02+00:00\",\"description\":\"Mantor is a Romanian group of companies with a Spanish shareholding that operates on the Romanian real estate market. Our main divisions are Residential Development, Construction of Buildings (as a General Contractor), and Property & Facility Management.\",\"breadcrumb\":{\"@id\":\"https:\/\/www.mantor.ro\/ro\/servicii\/#breadcrumb\"},\"inLanguage\":\"ro-RO\",\"potentialAction\":[{\"@type\":\"ReadAction\",\"target\":[\"https:\/\/www.mantor.ro\/ro\/servicii\/\"]}]},{\"@type\":\"BreadcrumbList\",\"@id\":\"https:\/\/www.mantor.ro\/ro\/servicii\/#breadcrumb\",\"itemListElement\":[{\"@type\":\"ListItem\",\"position\":1,\"name\":\"Home\",\"item\":\"https:\/\/www.mantor.ro\/ro\/\"},{\"@type\":\"ListItem\",\"position\":2,\"name\":\"Servicii\"}]},{\"@type\":\"WebSite\",\"@id\":\"https:\/\/www.mantor.ro\/#website\",\"url\":\"https:\/\/www.mantor.ro\/\",\"name\":\"Mantor\",\"description\":\"Building Excellence\",\"publisher\":{\"@id\":\"https:\/\/www.mantor.ro\/#organization\"},\"potentialAction\":[{\"@type\":\"SearchAction\",\"target\":{\"@type\":\"EntryPoint\",\"urlTemplate\":\"https:\/\/www.mantor.ro\/?s={search_term_string}\"},\"query-input\":{\"@type\":\"PropertyValueSpecification\",\"valueRequired\":true,\"valueName\":\"search_term_string\"}}],\"inLanguage\":\"ro-RO\"},{\"@type\":\"Organization\",\"@id\":\"https:\/\/www.mantor.ro\/#organization\",\"name\":\"Mantor\",\"url\":\"https:\/\/www.mantor.ro\/\",\"logo\":{\"@type\":\"ImageObject\",\"inLanguage\":\"ro-RO\",\"@id\":\"https:\/\/www.mantor.ro\/#\/schema\/logo\/image\/\",\"url\":\"https:\/\/www.mantor.ro\/wp-content\/uploads\/2015\/08\/logo@2x.png\",\"contentUrl\":\"https:\/\/www.mantor.ro\/wp-content\/uploads\/2015\/08\/logo@2x.png\",\"width\":280,\"height\":216,\"caption\":\"Mantor\"},\"image\":{\"@id\":\"https:\/\/www.mantor.ro\/#\/schema\/logo\/image\/\"}}]}<\/script>\n<!-- \/ Yoast SEO plugin. -->","yoast_head_json":{"title":"Servicii &#8212; Mantor &#8212; Building Excellence","description":"Mantor is a Romanian group of companies with a Spanish shareholding that operates on the Romanian real estate market. Our main divisions are Residential Development, Construction of Buildings (as a General Contractor), and Property & Facility Management.","robots":{"index":"index","follow":"follow","max-snippet":"max-snippet:-1","max-image-preview":"max-image-preview:large","max-video-preview":"max-video-preview:-1"},"canonical":"https:\/\/www.mantor.ro\/ro\/servicii\/","og_locale":"ro_RO","og_type":"article","og_title":"Servicii &#8212; Mantor &#8212; Building Excellence","og_description":"Mantor is a Romanian group of companies with a Spanish shareholding that operates on the Romanian real estate market. Our main divisions are Residential Development, Construction of Buildings (as a General Contractor), and Property & Facility Management.","og_url":"https:\/\/www.mantor.ro\/ro\/servicii\/","og_site_name":"Mantor","article_modified_time":"2024-11-11T12:46:02+00:00","og_image":[{"url":"http:\/\/www.mantor.ro\/wp-content\/uploads\/2015\/08\/logo@2x.png"}],"twitter_card":"summary_large_image","twitter_misc":{"Timp estimat pentru citire":"2 minute"},"schema":{"@context":"https:\/\/schema.org","@graph":[{"@type":"WebPage","@id":"https:\/\/www.mantor.ro\/ro\/servicii\/","url":"https:\/\/www.mantor.ro\/ro\/servicii\/","name":"Servicii &#8212; Mantor &#8212; Building Excellence","isPartOf":{"@id":"https:\/\/www.mantor.ro\/#website"},"datePublished":"2015-08-12T06:11:48+00:00","dateModified":"2024-11-11T12:46:02+00:00","description":"Mantor is a Romanian group of companies with a Spanish shareholding that operates on the Romanian real estate market. Our main divisions are Residential Development, Construction of Buildings (as a General Contractor), and Property & Facility Management.","breadcrumb":{"@id":"https:\/\/www.mantor.ro\/ro\/servicii\/#breadcrumb"},"inLanguage":"ro-RO","potentialAction":[{"@type":"ReadAction","target":["https:\/\/www.mantor.ro\/ro\/servicii\/"]}]},{"@type":"BreadcrumbList","@id":"https:\/\/www.mantor.ro\/ro\/servicii\/#breadcrumb","itemListElement":[{"@type":"ListItem","position":1,"name":"Home","item":"https:\/\/www.mantor.ro\/ro\/"},{"@type":"ListItem","position":2,"name":"Servicii"}]},{"@type":"WebSite","@id":"https:\/\/www.mantor.ro\/#website","url":"https:\/\/www.mantor.ro\/","name":"Mantor","description":"Building Excellence","publisher":{"@id":"https:\/\/www.mantor.ro\/#organization"},"potentialAction":[{"@type":"SearchAction","target":{"@type":"EntryPoint","urlTemplate":"https:\/\/www.mantor.ro\/?s={search_term_string}"},"query-input":{"@type":"PropertyValueSpecification","valueRequired":true,"valueName":"search_term_string"}}],"inLanguage":"ro-RO"},{"@type":"Organization","@id":"https:\/\/www.mantor.ro\/#organization","name":"Mantor","url":"https:\/\/www.mantor.ro\/","logo":{"@type":"ImageObject","inLanguage":"ro-RO","@id":"https:\/\/www.mantor.ro\/#\/schema\/logo\/image\/","url":"https:\/\/www.mantor.ro\/wp-content\/uploads\/2015\/08\/logo@2x.png","contentUrl":"https:\/\/www.mantor.ro\/wp-content\/uploads\/2015\/08\/logo@2x.png","width":280,"height":216,"caption":"Mantor"},"image":{"@id":"https:\/\/www.mantor.ro\/#\/schema\/logo\/image\/"}}]}},"_links":{"self":[{"href":"https:\/\/www.mantor.ro\/ro\/wp-json\/wp\/v2\/pages\/9"}],"collection":[{"href":"https:\/\/www.mantor.ro\/ro\/wp-json\/wp\/v2\/pages"}],"about":[{"href":"https:\/\/www.mantor.ro\/ro\/wp-json\/wp\/v2\/types\/page"}],"author":[{"embeddable":true,"href":"https:\/\/www.mantor.ro\/ro\/wp-json\/wp\/v2\/users\/5"}],"replies":[{"embeddable":true,"href":"https:\/\/www.mantor.ro\/ro\/wp-json\/wp\/v2\/comments?post=9"}],"version-history":[{"count":8,"href":"https:\/\/www.mantor.ro\/ro\/wp-json\/wp\/v2\/pages\/9\/revisions"}],"predecessor-version":[{"id":745,"href":"https:\/\/www.mantor.ro\/ro\/wp-json\/wp\/v2\/pages\/9\/revisions\/745"}],"wp:attachment":[{"href":"https:\/\/www.mantor.ro\/ro\/wp-json\/wp\/v2\/media?parent=9"}],"curies":[{"name":"wp","href":"https:\/\/api.w.org\/{rel}","templated":true}]}}